{"id":26,"date":"2021-01-20T21:01:54","date_gmt":"2021-01-20T20:01:54","guid":{"rendered":"https:\/\/www.extend3d.com\/?page_id=26"},"modified":"2021-07-13T21:28:30","modified_gmt":"2021-07-13T19:28:30","slug":"branchen","status":"publish","type":"page","link":"https:\/\/www.extend3d.com\/de\/branchen\/","title":{"rendered":"Branchen"},"content":{"rendered":"","protected":false},"excerpt":{"rendered":"","protected":false},"author":7,"featured_media":0,"parent":0,"menu_order":9,"comment_status":"closed","ping_status":"closed","template":"","meta":{"_acf_changed":false,"footnotes":""},"class_list":["post-26","page","type-page","status-publish","hentry"],"acf":[],"yoast_head":"<title>Laser- und Videoproduktion speziell f\u00fcr Ihren Industriebereich.<\/title>\n<meta name=\"description\" content=\"Von der st\u00fcckzahlbezogenen Automobilfertigung bis zum Schiffbau ist die WERKLICHT f\u00fcr alle Branchen von gro\u00dfem Nutzen.\" \/>\n<meta name=\"robots\" content=\"index, follow, max-snippet:-1, max-image-preview:large, max-video-preview:-1\" \/>\n<link rel=\"canonical\" href=\"https:\/\/www.extend3d.com\/de\/branchen\/\" \/>\n<meta property=\"og:locale\" content=\"de_DE\" \/>\n<meta property=\"og:type\" content=\"article\" \/>\n<meta property=\"og:title\" content=\"Laser- und Videoproduktion speziell f\u00fcr Ihren Industriebereich.\" \/>\n<meta property=\"og:description\" content=\"Von der st\u00fcckzahlbezogenen Automobilfertigung bis zum Schiffbau ist die WERKLICHT f\u00fcr alle Branchen von gro\u00dfem Nutzen.\" \/>\n<meta property=\"og:url\" content=\"https:\/\/www.extend3d.com\/de\/branchen\/\" \/>\n<meta property=\"og:site_name\" content=\"Laser- und Videoprojektion f\u00fcr die Industrie von EXTEND3D\" \/>\n<meta property=\"article:modified_time\" content=\"2021-07-13T19:28:30+00:00\" \/>\n<meta name=\"twitter:card\" content=\"summary_large_image\" \/>\n<script type=\"application\/ld+json\" class=\"yoast-schema-graph\">{\"@context\":\"https:\\\/\\\/schema.org\",\"@graph\":[{\"@type\":\"WebPage\",\"@id\":\"https:\\\/\\\/www.extend3d.com\\\/de\\\/branchen\\\/\",\"url\":\"https:\\\/\\\/www.extend3d.com\\\/de\\\/branchen\\\/\",\"name\":\"Laser- und Videoproduktion speziell f\u00fcr Ihren Industriebereich.\",\"isPartOf\":{\"@id\":\"https:\\\/\\\/www.extend3d.com\\\/de\\\/#website\"},\"datePublished\":\"2021-01-20T20:01:54+00:00\",\"dateModified\":\"2021-07-13T19:28:30+00:00\",\"description\":\"Von der st\u00fcckzahlbezogenen Automobilfertigung bis zum Schiffbau ist die WERKLICHT f\u00fcr alle Branchen von gro\u00dfem Nutzen.\",\"breadcrumb\":{\"@id\":\"https:\\\/\\\/www.extend3d.com\\\/de\\\/branchen\\\/#breadcrumb\"},\"inLanguage\":\"de\",\"potentialAction\":[{\"@type\":\"ReadAction\",\"target\":[\"https:\\\/\\\/www.extend3d.com\\\/de\\\/branchen\\\/\"]}]},{\"@type\":\"BreadcrumbList\",\"@id\":\"https:\\\/\\\/www.extend3d.com\\\/de\\\/branchen\\\/#breadcrumb\",\"itemListElement\":[{\"@type\":\"ListItem\",\"position\":1,\"name\":\"Startseite\",\"item\":\"https:\\\/\\\/www.extend3d.com\\\/de\\\/\"},{\"@type\":\"ListItem\",\"position\":2,\"name\":\"Branchen\"}]},{\"@type\":\"WebSite\",\"@id\":\"https:\\\/\\\/www.extend3d.com\\\/de\\\/#website\",\"url\":\"https:\\\/\\\/www.extend3d.com\\\/de\\\/\",\"name\":\"Laser- und Videoprojektion f\u00fcr die Industrie von EXTEND3D\",\"description\":\"\",\"potentialAction\":[{\"@type\":\"SearchAction\",\"target\":{\"@type\":\"EntryPoint\",\"urlTemplate\":\"https:\\\/\\\/www.extend3d.com\\\/de\\\/?s={search_term_string}\"},\"query-input\":{\"@type\":\"PropertyValueSpecification\",\"valueRequired\":true,\"valueName\":\"search_term_string\"}}],\"inLanguage\":\"de\"}]}<\/script>","yoast_head_json":{"title":"Laser- und Videoproduktion speziell f\u00fcr Ihren Industriebereich.","description":"Von der st\u00fcckzahlbezogenen Automobilfertigung bis zum Schiffbau ist die WERKLICHT f\u00fcr alle Branchen von gro\u00dfem Nutzen.","robots":{"index":"index","follow":"follow","max-snippet":"max-snippet:-1","max-image-preview":"max-image-preview:large","max-video-preview":"max-video-preview:-1"},"canonical":"https:\/\/www.extend3d.com\/de\/branchen\/","og_locale":"de_DE","og_type":"article","og_title":"Laser- und Videoproduktion speziell f\u00fcr Ihren Industriebereich.","og_description":"Von der st\u00fcckzahlbezogenen Automobilfertigung bis zum Schiffbau ist die WERKLICHT f\u00fcr alle Branchen von gro\u00dfem Nutzen.","og_url":"https:\/\/www.extend3d.com\/de\/branchen\/","og_site_name":"Laser- und Videoprojektion f\u00fcr die Industrie von EXTEND3D","article_modified_time":"2021-07-13T19:28:30+00:00","twitter_card":"summary_large_image","schema":{"@context":"https:\/\/schema.org","@graph":[{"@type":"WebPage","@id":"https:\/\/www.extend3d.com\/de\/branchen\/","url":"https:\/\/www.extend3d.com\/de\/branchen\/","name":"Laser- und Videoproduktion speziell f\u00fcr Ihren Industriebereich.","isPartOf":{"@id":"https:\/\/www.extend3d.com\/de\/#website"},"datePublished":"2021-01-20T20:01:54+00:00","dateModified":"2021-07-13T19:28:30+00:00","description":"Von der st\u00fcckzahlbezogenen Automobilfertigung bis zum Schiffbau ist die WERKLICHT f\u00fcr alle Branchen von gro\u00dfem Nutzen.","breadcrumb":{"@id":"https:\/\/www.extend3d.com\/de\/branchen\/#breadcrumb"},"inLanguage":"de","potentialAction":[{"@type":"ReadAction","target":["https:\/\/www.extend3d.com\/de\/branchen\/"]}]},{"@type":"BreadcrumbList","@id":"https:\/\/www.extend3d.com\/de\/branchen\/#breadcrumb","itemListElement":[{"@type":"ListItem","position":1,"name":"Startseite","item":"https:\/\/www.extend3d.com\/de\/"},{"@type":"ListItem","position":2,"name":"Branchen"}]},{"@type":"WebSite","@id":"https:\/\/www.extend3d.com\/de\/#website","url":"https:\/\/www.extend3d.com\/de\/","name":"Laser- und Videoprojektion f\u00fcr die Industrie von EXTEND3D","description":"","potentialAction":[{"@type":"SearchAction","target":{"@type":"EntryPoint","urlTemplate":"https:\/\/www.extend3d.com\/de\/?s={search_term_string}"},"query-input":{"@type":"PropertyValueSpecification","valueRequired":true,"valueName":"search_term_string"}}],"inLanguage":"de"}]}},"_links":{"self":[{"href":"https:\/\/www.extend3d.com\/de\/wp-json\/wp\/v2\/pages\/26","targetHints":{"allow":["GET"]}}],"collection":[{"href":"https:\/\/www.extend3d.com\/de\/wp-json\/wp\/v2\/pages"}],"about":[{"href":"https:\/\/www.extend3d.com\/de\/wp-json\/wp\/v2\/types\/page"}],"author":[{"embeddable":true,"href":"https:\/\/www.extend3d.com\/de\/wp-json\/wp\/v2\/users\/7"}],"replies":[{"embeddable":true,"href":"https:\/\/www.extend3d.com\/de\/wp-json\/wp\/v2\/comments?post=26"}],"version-history":[{"count":21,"href":"https:\/\/www.extend3d.com\/de\/wp-json\/wp\/v2\/pages\/26\/revisions"}],"predecessor-version":[{"id":1729,"href":"https:\/\/www.extend3d.com\/de\/wp-json\/wp\/v2\/pages\/26\/revisions\/1729"}],"wp:attachment":[{"href":"https:\/\/www.extend3d.com\/de\/wp-json\/wp\/v2\/media?parent=26"}],"curies":[{"name":"wp","href":"https:\/\/api.w.org\/{rel}","templated":true}]}}